{"id":3,"date":"2023-07-20T14:59:16","date_gmt":"2023-07-20T12:59:16","guid":{"rendered":"http:\/\/preprod.cerealexpert.com\/?page_id=3"},"modified":"2023-12-18T16:47:14","modified_gmt":"2023-12-18T15:47:14","slug":"politique-de-confidentialite","status":"publish","type":"page","link":"https:\/\/preprod.cerealexpert.com\/en\/politique-de-confidentialite\/","title":{"rendered":"Privacy Policy"},"content":{"rendered":"<div data-elementor-type=\"wp-page\" data-elementor-id=\"3\" class=\"elementor elementor-3\" data-elementor-post-type=\"page\">\n\t\t\t\t\t\t\t<div class=\"elementor-element elementor-element-6e15e33 e-flex e-con-boxed e-con e-parent\" data-id=\"6e15e33\" data-element_type=\"container\" data-settings=\"{&quot;jet_parallax_layout_list&quot;:[],&quot;content_width&quot;:&quot;boxed&quot;}\" data-core-v316-plus=\"true\">\n\t\t\t\t\t<div class=\"e-con-inner\">\n\t\t\t\t<div class=\"elementor-element elementor-element-91ecbd3 elementor-widget elementor-widget-heading\" data-id=\"91ecbd3\" data-element_type=\"widget\" data-widget_type=\"heading.default\">\n\t\t\t\t<div class=\"elementor-widget-container\">\n\t\t\t<style>\/*! elementor - v3.18.0 - 08-12-2023 *\/\n.elementor-heading-title{padding:0;margin:0;line-height:1}.elementor-widget-heading .elementor-heading-title[class*=elementor-size-]>a{color:inherit;font-size:inherit;line-height:inherit}.elementor-widget-heading .elementor-heading-title.elementor-size-small{font-size:15px}.elementor-widget-heading .elementor-heading-title.elementor-size-medium{font-size:19px}.elementor-widget-heading .elementor-heading-title.elementor-size-large{font-size:29px}.elementor-widget-heading .elementor-heading-title.elementor-size-xl{font-size:39px}.elementor-widget-heading .elementor-heading-title.elementor-size-xxl{font-size:59px}<\/style><h1 class=\"elementor-heading-title elementor-size-default\"> Privacy Policy<\/h1>\t\t<\/div>\n\t\t\t\t<\/div>\n\t\t\t\t\t<\/div>\n\t\t\t\t<\/div>\n\t\t<div class=\"elementor-element elementor-element-4e3b0f10 e-flex e-con-boxed e-con e-parent\" data-id=\"4e3b0f10\" data-element_type=\"container\" data-settings=\"{&quot;jet_parallax_layout_list&quot;:[],&quot;content_width&quot;:&quot;boxed&quot;}\" data-core-v316-plus=\"true\">\n\t\t\t\t\t<div class=\"e-con-inner\">\n\t\t\t\t<div class=\"elementor-element elementor-element-303c2b9d elementor-widget elementor-widget-text-editor\" data-id=\"303c2b9d\" data-element_type=\"widget\" data-widget_type=\"text-editor.default\">\n\t\t\t\t<div class=\"elementor-widget-container\">\n\t\t\t<style>\/*! elementor - v3.18.0 - 08-12-2023 *\/\n.elementor-widget-text-editor.elementor-drop-cap-view-stacked .elementor-drop-cap{background-color:#69727d;color:#fff}.elementor-widget-text-editor.elementor-drop-cap-view-framed .elementor-drop-cap{color:#69727d;border:3px solid;background-color:transparent}.elementor-widget-text-editor:not(.elementor-drop-cap-view-default) .elementor-drop-cap{margin-top:8px}.elementor-widget-text-editor:not(.elementor-drop-cap-view-default) .elementor-drop-cap-letter{width:1em;height:1em}.elementor-widget-text-editor .elementor-drop-cap{float:left;text-align:center;line-height:1;font-size:50px}.elementor-widget-text-editor .elementor-drop-cap-letter{display:inline-block}<\/style>\t\t\t\t<p><span style=\"text-decoration: underline;\"><b>Introduction<\/b><\/span><\/p><p><span style=\"font-weight: 400;\">Socoriz attaches particular importance to protecting the personal data you entrust to us and to respecting your privacy.\u00a0<\/span><\/p><p><span style=\"font-weight: 400;\">As the data controller, Socoriz is committed to respecting the trust you place in us by complying with the regulations in force, the General Data Protection Regulation n\u00b02016\/679 of April 27, 2016 known as the \"RGPD\" and Law n\u00b0 78-17 of January 6, 1978 relating to information technology, files and freedoms.<\/span><\/p><p><span style=\"font-weight: 400;\">This policy aims to inform you about how and why we process your data as part of the services we provide.<\/span><\/p><p><b>1. Collection and processing of your personal data<br \/><\/b><\/p><p><span style=\"font-weight: 400;\">We collect your personal data (surname, first name and e-mail address) via the contact form, in order to respond to your requests. The legal basis for this processing is our legitimate interest.\u00a0<\/span><\/p><p><b>2. How long we keep your personal data\u00a0\u00a0<\/b><\/p><p><span style=\"font-weight: 400;\">We store your personal data for a period not exceeding two years.<\/span><\/p><p><b>3. Protection of your personal data\u00a0<\/b><\/p><p><span style=\"font-weight: 400;\">Your personal data is protected by operational and technical measures.\u00a0<\/span><\/p><p><b>4. Cookies<\/b><\/p><p><span style=\"font-weight: 400;\">A cookie is a text file deposited, subject to your choices, on your connection terminal when you visit the website. Its purpose is to provide you with services tailored to your connection terminal (computer, mobile or tablet). To this end, computer files are stored on your terminal.<\/span><\/p><p><span style=\"font-weight: 400;\">Some cookies placed on the site are necessary for proper operation. Other cookies, subject to your consent, are deposited in order to improve your user experience or offer you personalized content. If you refuse to accept certain cookies, you will not have access to all the site's functions.<\/span><\/p><p><span style=\"font-weight: 400;\">Cookies are stored for a maximum period of 13 months.\u00a0<\/span><\/p><p><span style=\"font-weight: 400;\">The cookie banner allows you to accept or refuse the deposit of cookies. If you have consented to the deposit of cookies, you may modify or withdraw your consent at any time.<\/span><\/p><p><b>5. Exercising your rights\u00a0<\/b><\/p><p><span style=\"font-weight: 400;\">For any information or to exercise your rights (of access, opposition, rectification and deletion) concerning the processing of personal data, please contact us at the following postal address: SOCORIZ - 42 Chemin des Verri\u00e8res - 69260 Charbonni\u00e8res-les-bains - France or by e-mail at <\/span><span style=\"text-decoration: underline;\"><a href=\"mailto:contact@socoriz.fr\"><span style=\"font-weight: 400;\">contact@socoriz.fr<\/span><\/a><\/span><\/p><p><span style=\"font-weight: 400;\">If, for any reason whatsoever, you consider that our response is not satisfactory, you may lodge a complaint with the CNIL (Commission Nationale de l'Informatique et des Libert\u00e9s), responsible for ensuring the protection of personal data on French territory.<\/span><\/p><p><b>6. Modification of the privacy policy\u00a0<br \/><\/b><span style=\"font-weight: 400;\">We may have to modify this policy in order to comply with legal obligations or as a result of changes in our activities. Should these modifications lead to a reduction in your rights, we will inform you directly by the means of contact that you have communicated to us.<\/span><\/p><p><span style=\"font-weight: 400;\">\u00a0<\/span><\/p>\t\t\t\t\t\t<\/div>\n\t\t\t\t<\/div>\n\t\t\t\t\t<\/div>\n\t\t\t\t<\/div>\n\t\t\t\t\t\t\t<\/div>","protected":false},"excerpt":{"rendered":"<p>Politique de confidentialit\u00e9 Introduction Socoriz attache une importance toute particuli\u00e8re \u00e0 la protection des donn\u00e9es personnelles que vous nous confiez et au respect de votre vie priv\u00e9e.\u00a0 En tant que responsable de traitement, Socoriz s\u2019engage \u00e0 respecter la confiance que vous lui accordez en se conformant aux r\u00e8glementations en vigueur, le R\u00e8glement G\u00e9n\u00e9ral sur la [&hellip;]<\/p>","protected":false},"author":1,"featured_media":0,"parent":0,"menu_order":0,"comment_status":"closed","ping_status":"open","template":"","meta":{"footnotes":""},"class_list":["post-3","page","type-page","status-publish","hentry","entry"],"yoast_head":"<!-- This site is optimized with the Yoast SEO plugin v21.7 - https:\/\/yoast.com\/wordpress\/plugins\/seo\/ -->\n<title>Politique de confidentialit\u00e9 - SOCORIZ<\/title>\n<meta name=\"robots\" content=\"noindex, nofollow\" \/>\n<meta property=\"og:locale\" content=\"en_US\" \/>\n<meta property=\"og:type\" content=\"article\" \/>\n<meta property=\"og:title\" content=\"Politique de confidentialit\u00e9 - SOCORIZ\" \/>\n<meta property=\"og:description\" content=\"Politique de confidentialit\u00e9 Introduction Socoriz attache une importance toute particuli\u00e8re \u00e0 la protection des donn\u00e9es personnelles que vous nous confiez et au respect de votre vie priv\u00e9e.\u00a0 En tant que responsable de traitement, Socoriz s\u2019engage \u00e0 respecter la confiance que vous lui accordez en se conformant aux r\u00e8glementations en vigueur, le R\u00e8glement G\u00e9n\u00e9ral sur la [&hellip;]\" \/>\n<meta property=\"og:url\" content=\"https:\/\/preprod.cerealexpert.com\/en\/politique-de-confidentialite\/\" \/>\n<meta property=\"og:site_name\" content=\"SOCORIZ\" \/>\n<meta property=\"article:modified_time\" content=\"2023-12-18T15:47:14+00:00\" \/>\n<meta name=\"twitter:card\" content=\"summary_large_image\" \/>\n<meta name=\"twitter:label1\" content=\"Est. reading time\" \/>\n\t<meta name=\"twitter:data1\" content=\"3 minutes\" \/>\n<script type=\"application\/ld+json\" class=\"yoast-schema-graph\">{\"@context\":\"https:\/\/schema.org\",\"@graph\":[{\"@type\":\"WebPage\",\"@id\":\"https:\/\/preprod.cerealexpert.com\/politique-de-confidentialite\/\",\"url\":\"https:\/\/preprod.cerealexpert.com\/politique-de-confidentialite\/\",\"name\":\"Politique de confidentialit\u00e9 - SOCORIZ\",\"isPartOf\":{\"@id\":\"https:\/\/preprod.cerealexpert.com\/#website\"},\"datePublished\":\"2023-07-20T12:59:16+00:00\",\"dateModified\":\"2023-12-18T15:47:14+00:00\",\"breadcrumb\":{\"@id\":\"https:\/\/preprod.cerealexpert.com\/politique-de-confidentialite\/#breadcrumb\"},\"inLanguage\":\"en-US\",\"potentialAction\":[{\"@type\":\"ReadAction\",\"target\":[\"https:\/\/preprod.cerealexpert.com\/politique-de-confidentialite\/\"]}]},{\"@type\":\"BreadcrumbList\",\"@id\":\"https:\/\/preprod.cerealexpert.com\/politique-de-confidentialite\/#breadcrumb\",\"itemListElement\":[{\"@type\":\"ListItem\",\"position\":1,\"name\":\"Accueil\",\"item\":\"https:\/\/preprod.cerealexpert.com\/\"},{\"@type\":\"ListItem\",\"position\":2,\"name\":\"Politique de confidentialit\u00e9\"}]},{\"@type\":\"WebSite\",\"@id\":\"https:\/\/preprod.cerealexpert.com\/#website\",\"url\":\"https:\/\/preprod.cerealexpert.com\/\",\"name\":\"SOCORIZ\",\"description\":\"Cereal Company\",\"publisher\":{\"@id\":\"https:\/\/preprod.cerealexpert.com\/#organization\"},\"potentialAction\":[{\"@type\":\"SearchAction\",\"target\":{\"@type\":\"EntryPoint\",\"urlTemplate\":\"https:\/\/preprod.cerealexpert.com\/?s={search_term_string}\"},\"query-input\":\"required name=search_term_string\"}],\"inLanguage\":\"en-US\"},{\"@type\":\"Organization\",\"@id\":\"https:\/\/preprod.cerealexpert.com\/#organization\",\"name\":\"SOCORIZ\",\"url\":\"https:\/\/preprod.cerealexpert.com\/\",\"logo\":{\"@type\":\"ImageObject\",\"inLanguage\":\"en-US\",\"@id\":\"https:\/\/preprod.cerealexpert.com\/#\/schema\/logo\/image\/\",\"url\":\"https:\/\/preprod.cerealexpert.com\/wp-content\/uploads\/2023\/09\/cropped-logo_slogan_bleu_-_cereal_company__2_-removebg-preview-e1698050331361.png\",\"contentUrl\":\"https:\/\/preprod.cerealexpert.com\/wp-content\/uploads\/2023\/09\/cropped-logo_slogan_bleu_-_cereal_company__2_-removebg-preview-e1698050331361.png\",\"width\":410,\"height\":300,\"caption\":\"SOCORIZ\"},\"image\":{\"@id\":\"https:\/\/preprod.cerealexpert.com\/#\/schema\/logo\/image\/\"}}]}<\/script>\n<!-- \/ Yoast SEO plugin. -->","yoast_head_json":{"title":"Politique de confidentialit\u00e9 - SOCORIZ","robots":{"index":"noindex","follow":"nofollow"},"og_locale":"en_US","og_type":"article","og_title":"Politique de confidentialit\u00e9 - SOCORIZ","og_description":"Politique de confidentialit\u00e9 Introduction Socoriz attache une importance toute particuli\u00e8re \u00e0 la protection des donn\u00e9es personnelles que vous nous confiez et au respect de votre vie priv\u00e9e.\u00a0 En tant que responsable de traitement, Socoriz s\u2019engage \u00e0 respecter la confiance que vous lui accordez en se conformant aux r\u00e8glementations en vigueur, le R\u00e8glement G\u00e9n\u00e9ral sur la [&hellip;]","og_url":"https:\/\/preprod.cerealexpert.com\/en\/politique-de-confidentialite\/","og_site_name":"SOCORIZ","article_modified_time":"2023-12-18T15:47:14+00:00","twitter_card":"summary_large_image","twitter_misc":{"Est. reading time":"3 minutes"},"schema":{"@context":"https:\/\/schema.org","@graph":[{"@type":"WebPage","@id":"https:\/\/preprod.cerealexpert.com\/politique-de-confidentialite\/","url":"https:\/\/preprod.cerealexpert.com\/politique-de-confidentialite\/","name":"Politique de confidentialit\u00e9 - SOCORIZ","isPartOf":{"@id":"https:\/\/preprod.cerealexpert.com\/#website"},"datePublished":"2023-07-20T12:59:16+00:00","dateModified":"2023-12-18T15:47:14+00:00","breadcrumb":{"@id":"https:\/\/preprod.cerealexpert.com\/politique-de-confidentialite\/#breadcrumb"},"inLanguage":"en-US","potentialAction":[{"@type":"ReadAction","target":["https:\/\/preprod.cerealexpert.com\/politique-de-confidentialite\/"]}]},{"@type":"BreadcrumbList","@id":"https:\/\/preprod.cerealexpert.com\/politique-de-confidentialite\/#breadcrumb","itemListElement":[{"@type":"ListItem","position":1,"name":"Accueil","item":"https:\/\/preprod.cerealexpert.com\/"},{"@type":"ListItem","position":2,"name":"Politique de confidentialit\u00e9"}]},{"@type":"WebSite","@id":"https:\/\/preprod.cerealexpert.com\/#website","url":"https:\/\/preprod.cerealexpert.com\/","name":"SOCORIZ","description":"Cereal Company","publisher":{"@id":"https:\/\/preprod.cerealexpert.com\/#organization"},"potentialAction":[{"@type":"SearchAction","target":{"@type":"EntryPoint","urlTemplate":"https:\/\/preprod.cerealexpert.com\/?s={search_term_string}"},"query-input":"required name=search_term_string"}],"inLanguage":"en-US"},{"@type":"Organization","@id":"https:\/\/preprod.cerealexpert.com\/#organization","name":"SOCORIZ","url":"https:\/\/preprod.cerealexpert.com\/","logo":{"@type":"ImageObject","inLanguage":"en-US","@id":"https:\/\/preprod.cerealexpert.com\/#\/schema\/logo\/image\/","url":"https:\/\/preprod.cerealexpert.com\/wp-content\/uploads\/2023\/09\/cropped-logo_slogan_bleu_-_cereal_company__2_-removebg-preview-e1698050331361.png","contentUrl":"https:\/\/preprod.cerealexpert.com\/wp-content\/uploads\/2023\/09\/cropped-logo_slogan_bleu_-_cereal_company__2_-removebg-preview-e1698050331361.png","width":410,"height":300,"caption":"SOCORIZ"},"image":{"@id":"https:\/\/preprod.cerealexpert.com\/#\/schema\/logo\/image\/"}}]}},"_links":{"self":[{"href":"https:\/\/preprod.cerealexpert.com\/en\/wp-json\/wp\/v2\/pages\/3","targetHints":{"allow":["GET"]}}],"collection":[{"href":"https:\/\/preprod.cerealexpert.com\/en\/wp-json\/wp\/v2\/pages"}],"about":[{"href":"https:\/\/preprod.cerealexpert.com\/en\/wp-json\/wp\/v2\/types\/page"}],"author":[{"embeddable":true,"href":"https:\/\/preprod.cerealexpert.com\/en\/wp-json\/wp\/v2\/users\/1"}],"replies":[{"embeddable":true,"href":"https:\/\/preprod.cerealexpert.com\/en\/wp-json\/wp\/v2\/comments?post=3"}],"version-history":[{"count":18,"href":"https:\/\/preprod.cerealexpert.com\/en\/wp-json\/wp\/v2\/pages\/3\/revisions"}],"predecessor-version":[{"id":2438,"href":"https:\/\/preprod.cerealexpert.com\/en\/wp-json\/wp\/v2\/pages\/3\/revisions\/2438"}],"wp:attachment":[{"href":"https:\/\/preprod.cerealexpert.com\/en\/wp-json\/wp\/v2\/media?parent=3"}],"curies":[{"name":"wp","href":"https:\/\/api.w.org\/{rel}","templated":true}]}}