{"id":104,"date":"2023-10-18T12:18:23","date_gmt":"2023-10-18T10:18:23","guid":{"rendered":"https:\/\/preprod.cerealexpert.com\/?page_id=104"},"modified":"2023-12-18T16:50:33","modified_gmt":"2023-12-18T15:50:33","slug":"mentions-legales","status":"publish","type":"page","link":"https:\/\/preprod.cerealexpert.com\/en\/mentions-legales\/","title":{"rendered":"Legal Notice"},"content":{"rendered":"<div data-elementor-type=\"wp-page\" data-elementor-id=\"104\" class=\"elementor elementor-104\" data-elementor-post-type=\"page\">\n\t\t\t\t\t\t\t<div class=\"elementor-element elementor-element-7cfe30b e-flex e-con-boxed e-con e-parent\" data-id=\"7cfe30b\" data-element_type=\"container\" data-settings=\"{&quot;jet_parallax_layout_list&quot;:[],&quot;content_width&quot;:&quot;boxed&quot;}\" data-core-v316-plus=\"true\">\n\t\t\t\t\t<div class=\"e-con-inner\">\n\t\t<div class=\"elementor-element elementor-element-eaaf333 e-flex e-con-boxed e-con e-child\" data-id=\"eaaf333\" data-element_type=\"container\" data-settings=\"{&quot;jet_parallax_layout_list&quot;:[],&quot;content_width&quot;:&quot;boxed&quot;}\">\n\t\t\t\t\t<div class=\"e-con-inner\">\n\t\t\t\t<div class=\"elementor-element elementor-element-d9cbfad elementor-widget elementor-widget-heading\" data-id=\"d9cbfad\" data-element_type=\"widget\" data-widget_type=\"heading.default\">\n\t\t\t\t<div class=\"elementor-widget-container\">\n\t\t\t<style>\/*! elementor - v3.18.0 - 08-12-2023 *\/\n.elementor-heading-title{padding:0;margin:0;line-height:1}.elementor-widget-heading .elementor-heading-title[class*=elementor-size-]>a{color:inherit;font-size:inherit;line-height:inherit}.elementor-widget-heading .elementor-heading-title.elementor-size-small{font-size:15px}.elementor-widget-heading .elementor-heading-title.elementor-size-medium{font-size:19px}.elementor-widget-heading .elementor-heading-title.elementor-size-large{font-size:29px}.elementor-widget-heading .elementor-heading-title.elementor-size-xl{font-size:39px}.elementor-widget-heading .elementor-heading-title.elementor-size-xxl{font-size:59px}<\/style><h1 class=\"elementor-heading-title elementor-size-default\"><a href=\"http:\/\/ales\">Legal Notice<\/a><\/h1>\t\t<\/div>\n\t\t\t\t<\/div>\n\t\t\t\t\t<\/div>\n\t\t\t\t<\/div>\n\t\t\t\t\t<\/div>\n\t\t\t\t<\/div>\n\t\t<div class=\"elementor-element elementor-element-63e622db e-flex e-con-boxed e-con e-parent\" data-id=\"63e622db\" data-element_type=\"container\" data-settings=\"{&quot;jet_parallax_layout_list&quot;:[],&quot;content_width&quot;:&quot;boxed&quot;}\" data-core-v316-plus=\"true\">\n\t\t\t\t\t<div class=\"e-con-inner\">\n\t\t\t\t<div class=\"elementor-element elementor-element-41479376 elementor-widget elementor-widget-text-editor\" data-id=\"41479376\" data-element_type=\"widget\" data-widget_type=\"text-editor.default\">\n\t\t\t\t<div class=\"elementor-widget-container\">\n\t\t\t<style>\/*! elementor - v3.18.0 - 08-12-2023 *\/\n.elementor-widget-text-editor.elementor-drop-cap-view-stacked .elementor-drop-cap{background-color:#69727d;color:#fff}.elementor-widget-text-editor.elementor-drop-cap-view-framed .elementor-drop-cap{color:#69727d;border:3px solid;background-color:transparent}.elementor-widget-text-editor:not(.elementor-drop-cap-view-default) .elementor-drop-cap{margin-top:8px}.elementor-widget-text-editor:not(.elementor-drop-cap-view-default) .elementor-drop-cap-letter{width:1em;height:1em}.elementor-widget-text-editor .elementor-drop-cap{float:left;text-align:center;line-height:1;font-size:50px}.elementor-widget-text-editor .elementor-drop-cap-letter{display:inline-block}<\/style>\t\t\t\t<p><!-- wp:heading {\"level\":1} --><\/p>\n<p><strong>Editor<\/strong><br \/>The site socoriz.fr published by Socoriz whose head office is located 42 Chemin des Verri\u00e8res 69260, Charbonni\u00e8res-les-bains FRANCE.<\/p>\n<p><!-- \/wp:paragraph --><\/p>\n<p><!-- wp:paragraph --><\/p>\n<p><strong>Publication Director :\u00a0<\/strong>Stephane KACI &#8211; Dirigeant<\/p>\n<p><!-- \/wp:paragraph --><\/p>\n<p><!-- wp:paragraph --><\/p>\n<p><strong>Host<\/strong><br \/>This site is hosted by OVH : 2 rue Kellermann \u2013 59100 Roubaix \u2013 France.<\/p>\n<p><!-- \/wp:paragraph --><\/p>\n<p><!-- wp:paragraph --><\/p>\n<p class=\" translation-block\"><strong>Agreement<\/strong><br>By accessing this site, you agree to be bound by the terms and conditions of this agreement. <strong>Socoriz<\/strong> strives to ensure the accuracy and updating of the content available on this site as best as possible and reserves the right, at any time, to modify, interrupt temporarily or otherwise. permanent all or part of the site, without having to inform you in advance.<br><strong>Socoriz<\/strong> makes every effort to offer users available and verified information, but cannot be held responsible for errors, lack of availability of information and\/or the presence of viruses on its site.<\/p>\n<p><!-- \/wp:paragraph --><\/p>\n<p><!-- wp:paragraph --><\/p>\n<p><strong>Propri\u00e9t\u00e9 intellectuelle<\/strong><br \/>Le site et tous ses \u00e9l\u00e9ments rel\u00e8vent de la l\u00e9gislation applicable en mati\u00e8re de propri\u00e9t\u00e9 intellectuelle (droit d\u2019auteur, marques, dessins et mod\u00e8les) et sont prot\u00e9g\u00e9s \u00e0 ce titre.<br \/>Le site et tous ses \u00e9l\u00e9ments (architecture, charte graphique, textes, photographies, illustrations, logiciels, images, s\u00e9quences anim\u00e9es, \u00e9l\u00e9ments sonores, etc&#8230;) sont la propri\u00e9t\u00e9 de <strong>Socoriz<\/strong> ou de tiers ayant autoris\u00e9 <strong>Socoriz<\/strong> \u00e0 les utiliser et\/ou exploiter.<\/p>\n<p>Tous les droits de reproduction, de repr\u00e9sentation et d\u2019adaptation sont r\u00e9serv\u00e9s, y compris pour les documents t\u00e9l\u00e9chargeables et les repr\u00e9sentations iconographiques et photographiques.<\/p>\n<p>Conform\u00e9ment au code de la propri\u00e9t\u00e9 intellectuelle, toute reproduction, repr\u00e9sentation ou adaptation de tout ou partie du Site ou de ses \u00e9l\u00e9ments, par quelque moyen, sur quelque support que ce soit et \u00e0 quelque fin que ce soit, non express\u00e9ment autoris\u00e9e pr\u00e9alablement par \u00e9crit par <strong>Socoriz<\/strong>, serait illicite et constituerait un d\u00e9lit de contrefa\u00e7on passible de sanctions p\u00e9nales.<\/p>\n<p><!-- \/wp:paragraph --><\/p>\n<p><!-- wp:paragraph --><\/p>\n<p><!-- \/wp:paragraph --><\/p>\n<p><!-- wp:paragraph --><\/p>\n<p><!-- \/wp:paragraph --><\/p>\t\t\t\t\t\t<\/div>\n\t\t\t\t<\/div>\n\t\t\t\t\t<\/div>\n\t\t\t\t<\/div>\n\t\t\t\t\t\t\t<\/div>","protected":false},"excerpt":{"rendered":"<p>Mentions l\u00e9gales \u00c9diteurLe site socoriz.fr \u00e9dit\u00e9 par Socoriz dont le si\u00e8ge social est situ\u00e9 42 Chemin des Verri\u00e8res 69260, Charbonni\u00e8res-les-bains FRANCE. Directeur de la publication :\u00a0Stephane KACI &#8211; Dirigeant H\u00e9bergeurCe site est h\u00e9berg\u00e9 chez OVH : 2 rue Kellermann &#8211; 59100 Roubaix &#8211; France. ConventionEn acc\u00e9dant \u00e0 ce site, vous acceptez d&rsquo;\u00eatre li\u00e9(e) par les [&hellip;]<\/p>","protected":false},"author":1,"featured_media":0,"parent":0,"menu_order":0,"comment_status":"closed","ping_status":"closed","template":"","meta":{"footnotes":""},"class_list":["post-104","page","type-page","status-publish","hentry","entry"],"yoast_head":"<!-- This site is optimized with the Yoast SEO plugin v21.7 - https:\/\/yoast.com\/wordpress\/plugins\/seo\/ -->\n<title>Mentions l\u00e9gales - SOCORIZ<\/title>\n<meta name=\"robots\" content=\"noindex, nofollow\" \/>\n<meta property=\"og:locale\" content=\"en_US\" \/>\n<meta property=\"og:type\" content=\"article\" \/>\n<meta property=\"og:title\" content=\"Mentions l\u00e9gales - SOCORIZ\" \/>\n<meta property=\"og:description\" content=\"Mentions l\u00e9gales \u00c9diteurLe site socoriz.fr \u00e9dit\u00e9 par Socoriz dont le si\u00e8ge social est situ\u00e9 42 Chemin des Verri\u00e8res 69260, Charbonni\u00e8res-les-bains FRANCE. Directeur de la publication :\u00a0Stephane KACI &#8211; Dirigeant H\u00e9bergeurCe site est h\u00e9berg\u00e9 chez OVH : 2 rue Kellermann &#8211; 59100 Roubaix &#8211; France. ConventionEn acc\u00e9dant \u00e0 ce site, vous acceptez d&rsquo;\u00eatre li\u00e9(e) par les [&hellip;]\" \/>\n<meta property=\"og:url\" content=\"https:\/\/preprod.cerealexpert.com\/en\/mentions-legales\/\" \/>\n<meta property=\"og:site_name\" content=\"SOCORIZ\" \/>\n<meta property=\"article:modified_time\" content=\"2023-12-18T15:50:33+00:00\" \/>\n<meta name=\"twitter:card\" content=\"summary_large_image\" \/>\n<meta name=\"twitter:label1\" content=\"Est. reading time\" \/>\n\t<meta name=\"twitter:data1\" content=\"2 minutes\" \/>\n<script type=\"application\/ld+json\" class=\"yoast-schema-graph\">{\"@context\":\"https:\/\/schema.org\",\"@graph\":[{\"@type\":\"WebPage\",\"@id\":\"https:\/\/preprod.cerealexpert.com\/mentions-legales\/\",\"url\":\"https:\/\/preprod.cerealexpert.com\/mentions-legales\/\",\"name\":\"Mentions l\u00e9gales - SOCORIZ\",\"isPartOf\":{\"@id\":\"https:\/\/preprod.cerealexpert.com\/#website\"},\"datePublished\":\"2023-10-18T10:18:23+00:00\",\"dateModified\":\"2023-12-18T15:50:33+00:00\",\"breadcrumb\":{\"@id\":\"https:\/\/preprod.cerealexpert.com\/mentions-legales\/#breadcrumb\"},\"inLanguage\":\"en-US\",\"potentialAction\":[{\"@type\":\"ReadAction\",\"target\":[\"https:\/\/preprod.cerealexpert.com\/mentions-legales\/\"]}]},{\"@type\":\"BreadcrumbList\",\"@id\":\"https:\/\/preprod.cerealexpert.com\/mentions-legales\/#breadcrumb\",\"itemListElement\":[{\"@type\":\"ListItem\",\"position\":1,\"name\":\"Accueil\",\"item\":\"https:\/\/preprod.cerealexpert.com\/\"},{\"@type\":\"ListItem\",\"position\":2,\"name\":\"Mentions l\u00e9gales\"}]},{\"@type\":\"WebSite\",\"@id\":\"https:\/\/preprod.cerealexpert.com\/#website\",\"url\":\"https:\/\/preprod.cerealexpert.com\/\",\"name\":\"SOCORIZ\",\"description\":\"Cereal Company\",\"publisher\":{\"@id\":\"https:\/\/preprod.cerealexpert.com\/#organization\"},\"potentialAction\":[{\"@type\":\"SearchAction\",\"target\":{\"@type\":\"EntryPoint\",\"urlTemplate\":\"https:\/\/preprod.cerealexpert.com\/?s={search_term_string}\"},\"query-input\":\"required name=search_term_string\"}],\"inLanguage\":\"en-US\"},{\"@type\":\"Organization\",\"@id\":\"https:\/\/preprod.cerealexpert.com\/#organization\",\"name\":\"SOCORIZ\",\"url\":\"https:\/\/preprod.cerealexpert.com\/\",\"logo\":{\"@type\":\"ImageObject\",\"inLanguage\":\"en-US\",\"@id\":\"https:\/\/preprod.cerealexpert.com\/#\/schema\/logo\/image\/\",\"url\":\"https:\/\/preprod.cerealexpert.com\/wp-content\/uploads\/2023\/09\/cropped-logo_slogan_bleu_-_cereal_company__2_-removebg-preview-e1698050331361.png\",\"contentUrl\":\"https:\/\/preprod.cerealexpert.com\/wp-content\/uploads\/2023\/09\/cropped-logo_slogan_bleu_-_cereal_company__2_-removebg-preview-e1698050331361.png\",\"width\":410,\"height\":300,\"caption\":\"SOCORIZ\"},\"image\":{\"@id\":\"https:\/\/preprod.cerealexpert.com\/#\/schema\/logo\/image\/\"}}]}<\/script>\n<!-- \/ Yoast SEO plugin. -->","yoast_head_json":{"title":"Mentions l\u00e9gales - SOCORIZ","robots":{"index":"noindex","follow":"nofollow"},"og_locale":"en_US","og_type":"article","og_title":"Mentions l\u00e9gales - SOCORIZ","og_description":"Mentions l\u00e9gales \u00c9diteurLe site socoriz.fr \u00e9dit\u00e9 par Socoriz dont le si\u00e8ge social est situ\u00e9 42 Chemin des Verri\u00e8res 69260, Charbonni\u00e8res-les-bains FRANCE. Directeur de la publication :\u00a0Stephane KACI &#8211; Dirigeant H\u00e9bergeurCe site est h\u00e9berg\u00e9 chez OVH : 2 rue Kellermann &#8211; 59100 Roubaix &#8211; France. ConventionEn acc\u00e9dant \u00e0 ce site, vous acceptez d&rsquo;\u00eatre li\u00e9(e) par les [&hellip;]","og_url":"https:\/\/preprod.cerealexpert.com\/en\/mentions-legales\/","og_site_name":"SOCORIZ","article_modified_time":"2023-12-18T15:50:33+00:00","twitter_card":"summary_large_image","twitter_misc":{"Est. reading time":"2 minutes"},"schema":{"@context":"https:\/\/schema.org","@graph":[{"@type":"WebPage","@id":"https:\/\/preprod.cerealexpert.com\/mentions-legales\/","url":"https:\/\/preprod.cerealexpert.com\/mentions-legales\/","name":"Mentions l\u00e9gales - SOCORIZ","isPartOf":{"@id":"https:\/\/preprod.cerealexpert.com\/#website"},"datePublished":"2023-10-18T10:18:23+00:00","dateModified":"2023-12-18T15:50:33+00:00","breadcrumb":{"@id":"https:\/\/preprod.cerealexpert.com\/mentions-legales\/#breadcrumb"},"inLanguage":"en-US","potentialAction":[{"@type":"ReadAction","target":["https:\/\/preprod.cerealexpert.com\/mentions-legales\/"]}]},{"@type":"BreadcrumbList","@id":"https:\/\/preprod.cerealexpert.com\/mentions-legales\/#breadcrumb","itemListElement":[{"@type":"ListItem","position":1,"name":"Accueil","item":"https:\/\/preprod.cerealexpert.com\/"},{"@type":"ListItem","position":2,"name":"Mentions l\u00e9gales"}]},{"@type":"WebSite","@id":"https:\/\/preprod.cerealexpert.com\/#website","url":"https:\/\/preprod.cerealexpert.com\/","name":"SOCORIZ","description":"Cereal Company","publisher":{"@id":"https:\/\/preprod.cerealexpert.com\/#organization"},"potentialAction":[{"@type":"SearchAction","target":{"@type":"EntryPoint","urlTemplate":"https:\/\/preprod.cerealexpert.com\/?s={search_term_string}"},"query-input":"required name=search_term_string"}],"inLanguage":"en-US"},{"@type":"Organization","@id":"https:\/\/preprod.cerealexpert.com\/#organization","name":"SOCORIZ","url":"https:\/\/preprod.cerealexpert.com\/","logo":{"@type":"ImageObject","inLanguage":"en-US","@id":"https:\/\/preprod.cerealexpert.com\/#\/schema\/logo\/image\/","url":"https:\/\/preprod.cerealexpert.com\/wp-content\/uploads\/2023\/09\/cropped-logo_slogan_bleu_-_cereal_company__2_-removebg-preview-e1698050331361.png","contentUrl":"https:\/\/preprod.cerealexpert.com\/wp-content\/uploads\/2023\/09\/cropped-logo_slogan_bleu_-_cereal_company__2_-removebg-preview-e1698050331361.png","width":410,"height":300,"caption":"SOCORIZ"},"image":{"@id":"https:\/\/preprod.cerealexpert.com\/#\/schema\/logo\/image\/"}}]}},"_links":{"self":[{"href":"https:\/\/preprod.cerealexpert.com\/en\/wp-json\/wp\/v2\/pages\/104","targetHints":{"allow":["GET"]}}],"collection":[{"href":"https:\/\/preprod.cerealexpert.com\/en\/wp-json\/wp\/v2\/pages"}],"about":[{"href":"https:\/\/preprod.cerealexpert.com\/en\/wp-json\/wp\/v2\/types\/page"}],"author":[{"embeddable":true,"href":"https:\/\/preprod.cerealexpert.com\/en\/wp-json\/wp\/v2\/users\/1"}],"replies":[{"embeddable":true,"href":"https:\/\/preprod.cerealexpert.com\/en\/wp-json\/wp\/v2\/comments?post=104"}],"version-history":[{"count":35,"href":"https:\/\/preprod.cerealexpert.com\/en\/wp-json\/wp\/v2\/pages\/104\/revisions"}],"predecessor-version":[{"id":2444,"href":"https:\/\/preprod.cerealexpert.com\/en\/wp-json\/wp\/v2\/pages\/104\/revisions\/2444"}],"wp:attachment":[{"href":"https:\/\/preprod.cerealexpert.com\/en\/wp-json\/wp\/v2\/media?parent=104"}],"curies":[{"name":"wp","href":"https:\/\/api.w.org\/{rel}","templated":true}]}}